{"id":413,"date":"2024-10-20T16:16:43","date_gmt":"2024-10-20T15:16:43","guid":{"rendered":"https:\/\/bodimariamagdolna.hu\/?page_id=413"},"modified":"2024-10-30T15:46:03","modified_gmt":"2024-10-30T14:46:03","slug":"biography","status":"publish","type":"page","link":"https:\/\/www.bodimariamagdolna.hu\/en\/biography\/","title":{"rendered":"Biography"},"content":{"rendered":"\n<div class=\"wp-block-columns is-layout-flex wp-container-core-columns-is-layout-9d6595d7 wp-block-columns-is-layout-flex\">\n<div class=\"wp-block-column is-layout-flow wp-block-column-is-layout-flow\" style=\"flex-basis:33.33%\">\n<figure class=\"wp-block-image size-full\"><img loading=\"lazy\" decoding=\"async\" width=\"313\" height=\"313\" src=\"https:\/\/www.bodimariamagdolna.hu\/wp-content\/uploads\/2024\/10\/red-rectangle-1921.jpg\" alt=\"\" class=\"wp-image-433\" srcset=\"https:\/\/www.bodimariamagdolna.hu\/wp-content\/uploads\/2024\/10\/red-rectangle-1921.jpg 313w, https:\/\/www.bodimariamagdolna.hu\/wp-content\/uploads\/2024\/10\/red-rectangle-1921-300x300.jpg 300w, https:\/\/www.bodimariamagdolna.hu\/wp-content\/uploads\/2024\/10\/red-rectangle-1921-150x150.jpg 150w\" sizes=\"auto, (max-width: 313px) 100vw, 313px\" \/><\/figure>\n\n\n\n<figure class=\"wp-block-image size-full\"><img decoding=\"async\" src=\"https:\/\/www.bodimariamagdolna.hu\/wp-content\/uploads\/2024\/10\/1921.jpg\" alt=\"\" class=\"wp-image-451\"\/><\/figure>\n<\/div>\n\n\n\n<div class=\"wp-block-column is-layout-flow wp-block-column-is-layout-flow\" style=\"flex-basis:66.66%\">\n<p>Magdi was born on August 8, 1921, in Szigliget, to poor estate servant parents. Her father returned to the country as a prisoner of war, without papers, so her parents were unable to marry either in civil or ecclesiastical ceremonies. As a result, the three siblings \u2013 Magdi, her two-year-older brother Gyula, and their younger brother J\u00e1nos \u2013 were all born \u201cillegitimate,\u201d outside of wedlock.<br><br>She was baptized on August 15, the Feast of the Assumption, in the St. Michael Church of Badacsonyt\u00f6rdemic. Even as a cheerful and studious child, her religious fervor did not go unnoticed by her teacher. During these years, the family lived in K\u00f6vesk\u00e1l, where Masses were rarely held. Consequently, the faithful had to travel to the nearby church in Szentb\u00e9kk\u00e1lla \u2013 a journey Magdi gladly undertook even as a child.<\/p>\n<\/div>\n<\/div>\n\n\n\n<div class=\"wp-block-columns is-layout-flex wp-container-core-columns-is-layout-9d6595d7 wp-block-columns-is-layout-flex\">\n<div class=\"wp-block-column is-layout-flow wp-block-column-is-layout-flow\" style=\"flex-basis:33.33%\">\n<figure class=\"wp-block-image size-full\"><img loading=\"lazy\" decoding=\"async\" width=\"313\" height=\"313\" src=\"https:\/\/www.bodimariamagdolna.hu\/wp-content\/uploads\/2024\/10\/red-rectangle-1930.jpg\" alt=\"\" class=\"wp-image-435\" srcset=\"https:\/\/www.bodimariamagdolna.hu\/wp-content\/uploads\/2024\/10\/red-rectangle-1930.jpg 313w, https:\/\/www.bodimariamagdolna.hu\/wp-content\/uploads\/2024\/10\/red-rectangle-1930-300x300.jpg 300w, https:\/\/www.bodimariamagdolna.hu\/wp-content\/uploads\/2024\/10\/red-rectangle-1930-150x150.jpg 150w\" sizes=\"auto, (max-width: 313px) 100vw, 313px\" \/><\/figure>\n\n\n\n<figure class=\"wp-block-image size-large\"><img loading=\"lazy\" decoding=\"async\" width=\"1024\" height=\"906\" src=\"https:\/\/www.bodimariamagdolna.hu\/wp-content\/uploads\/2024\/10\/1930-1024x906.jpg\" alt=\"\" class=\"wp-image-453\" srcset=\"https:\/\/www.bodimariamagdolna.hu\/wp-content\/uploads\/2024\/10\/1930-1024x906.jpg 1024w, https:\/\/www.bodimariamagdolna.hu\/wp-content\/uploads\/2024\/10\/1930-300x265.jpg 300w, https:\/\/www.bodimariamagdolna.hu\/wp-content\/uploads\/2024\/10\/1930-768x680.jpg 768w, https:\/\/www.bodimariamagdolna.hu\/wp-content\/uploads\/2024\/10\/1930-1536x1359.jpg 1536w, https:\/\/www.bodimariamagdolna.hu\/wp-content\/uploads\/2024\/10\/1930-2048x1812.jpg 2048w\" sizes=\"auto, (max-width: 1024px) 100vw, 1024px\" \/><\/figure>\n<\/div>\n\n\n\n<div class=\"wp-block-column is-layout-flow wp-block-column-is-layout-flow\" style=\"flex-basis:66.66%\">\n<p>At the age of nine, as she prepared for her First Communion, her devotion to Jesus deepened. By the time she was 10 or 11, her days were filled with prayer and acts of love: she increasingly helped her mother with household chores and fieldwork, enjoyed walking in nature, loved flowers, and took care of those in need. Recollections mention that in K\u00f6vesk\u00e1l, she noticed an orphan being raised by his grandparents, who lived in great poverty. Magdi resolved to go door-to-door in the village to beg for warm clothes for the child \u2013 and her efforts were successful.<\/p>\n<\/div>\n<\/div>\n\n\n\n<div class=\"wp-block-columns is-layout-flex wp-container-core-columns-is-layout-9d6595d7 wp-block-columns-is-layout-flex\">\n<div class=\"wp-block-column is-layout-flow wp-block-column-is-layout-flow\" style=\"flex-basis:33.33%\">\n<figure class=\"wp-block-image size-full\"><img loading=\"lazy\" decoding=\"async\" width=\"313\" height=\"313\" src=\"https:\/\/www.bodimariamagdolna.hu\/wp-content\/uploads\/2024\/10\/red-rectangle-1934.jpg\" alt=\"\" class=\"wp-image-437\" srcset=\"https:\/\/www.bodimariamagdolna.hu\/wp-content\/uploads\/2024\/10\/red-rectangle-1934.jpg 313w, https:\/\/www.bodimariamagdolna.hu\/wp-content\/uploads\/2024\/10\/red-rectangle-1934-300x300.jpg 300w, https:\/\/www.bodimariamagdolna.hu\/wp-content\/uploads\/2024\/10\/red-rectangle-1934-150x150.jpg 150w\" sizes=\"auto, (max-width: 313px) 100vw, 313px\" \/><\/figure>\n\n\n\n<figure class=\"wp-block-image size-large\"><img loading=\"lazy\" decoding=\"async\" width=\"1024\" height=\"890\" src=\"https:\/\/www.bodimariamagdolna.hu\/wp-content\/uploads\/2024\/10\/img-4439bmm-1024x890.jpg\" alt=\"\" class=\"wp-image-634\" srcset=\"https:\/\/www.bodimariamagdolna.hu\/wp-content\/uploads\/2024\/10\/img-4439bmm-1024x890.jpg 1024w, https:\/\/www.bodimariamagdolna.hu\/wp-content\/uploads\/2024\/10\/img-4439bmm-300x261.jpg 300w, https:\/\/www.bodimariamagdolna.hu\/wp-content\/uploads\/2024\/10\/img-4439bmm-768x668.jpg 768w, https:\/\/www.bodimariamagdolna.hu\/wp-content\/uploads\/2024\/10\/img-4439bmm-1536x1335.jpg 1536w, https:\/\/www.bodimariamagdolna.hu\/wp-content\/uploads\/2024\/10\/img-4439bmm-2048x1780.jpg 2048w\" sizes=\"auto, (max-width: 1024px) 100vw, 1024px\" \/><\/figure>\n<\/div>\n\n\n\n<div class=\"wp-block-column is-layout-flow wp-block-column-is-layout-flow\" style=\"flex-basis:66.66%\">\n<p>In 1934, the family moved to M\u00e1ma-puszta, near Balatonkenese. A year later, Father Istv\u00e1n Androsits established the parish of F\u0171zf\u0151gy\u00e1rtelep, becoming Magdi\u2019s first spiritual director. He lent her many religious books, allowing her to gain a broad theological understanding. Magdi enjoyed spending time with the children of M\u00e1ma-puszta, often taking them with her to Sunday Mass. <\/p>\n\n\n\n<p>At 17, during the national mission in Balatonf\u0171zf\u0151, organized for the St. Stephen Jubilee Year and the International Eucharistic Congress, she discovered the path she was called to follow in order to walk closely with Jesus on her earthly pilgrimage.<\/p>\n\n\n\n<blockquote class=\"wp-block-quote is-layout-flow wp-block-quote-is-layout-flow\">\n<p>\u201e<em>How<\/em> <em>beautiful is the life of someone who can be near to God<\/em>\u201d<\/p>\n<\/blockquote>\n\n\n\n<p>&#8211; she told her brother. She understood that the religious life was her vocation, binding her wholly to Jesus. She approached Father Istv\u00e1n Androsits for guidance and finally shared her firm plan with her family. However, as a child born outside of marriage, she could never fulfill this desire due to the religious rules of the time.<\/p>\n<\/div>\n<\/div>\n\n\n\n<div class=\"wp-block-columns is-layout-flex wp-container-core-columns-is-layout-9d6595d7 wp-block-columns-is-layout-flex\">\n<div class=\"wp-block-column is-layout-flow wp-block-column-is-layout-flow\" style=\"flex-basis:33.33%\">\n<figure class=\"wp-block-image size-full\"><img loading=\"lazy\" decoding=\"async\" width=\"313\" height=\"313\" src=\"https:\/\/www.bodimariamagdolna.hu\/wp-content\/uploads\/2024\/10\/red-rectangle-1939.jpg\" alt=\"\" class=\"wp-image-439\" srcset=\"https:\/\/www.bodimariamagdolna.hu\/wp-content\/uploads\/2024\/10\/red-rectangle-1939.jpg 313w, https:\/\/www.bodimariamagdolna.hu\/wp-content\/uploads\/2024\/10\/red-rectangle-1939-300x300.jpg 300w, https:\/\/www.bodimariamagdolna.hu\/wp-content\/uploads\/2024\/10\/red-rectangle-1939-150x150.jpg 150w\" sizes=\"auto, (max-width: 313px) 100vw, 313px\" \/><\/figure>\n\n\n\n<figure class=\"wp-block-image size-large\"><img loading=\"lazy\" decoding=\"async\" width=\"751\" height=\"1024\" src=\"https:\/\/www.bodimariamagdolna.hu\/wp-content\/uploads\/2024\/10\/magdi-biciklis-751x1024.jpg\" alt=\"\" class=\"wp-image-631\" srcset=\"https:\/\/www.bodimariamagdolna.hu\/wp-content\/uploads\/2024\/10\/magdi-biciklis-751x1024.jpg 751w, https:\/\/www.bodimariamagdolna.hu\/wp-content\/uploads\/2024\/10\/magdi-biciklis-220x300.jpg 220w, https:\/\/www.bodimariamagdolna.hu\/wp-content\/uploads\/2024\/10\/magdi-biciklis-768x1047.jpg 768w, https:\/\/www.bodimariamagdolna.hu\/wp-content\/uploads\/2024\/10\/magdi-biciklis-1126x1536.jpg 1126w, https:\/\/www.bodimariamagdolna.hu\/wp-content\/uploads\/2024\/10\/magdi-biciklis.jpg 1308w\" sizes=\"auto, (max-width: 751px) 100vw, 751px\" \/><\/figure>\n<\/div>\n\n\n\n<div class=\"wp-block-column is-layout-flow wp-block-column-is-layout-flow\" style=\"flex-basis:66.66%\">\n<p>Magdi found other opportunities for secular apostolate. At 18, she became a worker at Nitrok\u00e9mia Rt., a factory in F\u0171zf\u0151gy\u00e1rtelep employing thousands. In the pyrotechnics division, where rockets and other explosive devices were made, she soon stood out for her diligence and quick learning. However, when offered a higher salary and promotion, she declined, citing her youth and arguing that married women with families needed the pay raise more.<\/p>\n\n\n\n<p>Even as a factory worker, Magdi began her day with Holy Communion, and she calmly responded to any blasphemous comments made during work, always with clear, firm reasoning but never offensively. Her modesty, cheerfulness, and helpfulness eventually won over her colleagues, who came to respect her.<br><br>She actively participated in various charitable efforts, riding her bicycle, a gift from her father, to wherever there was need. This year, she completed her first private retreat. Despite several suitors, on October 26, 1941, the Feast of Christ the King, she made a solemn vow of virginity.<br><br>For some time, she had been involved in the Sacred Heart League, a national organization for Catholic girls and boys aged 6-14. She enjoyed leading groups of local and neighboring children, helping them deepen their faith during these activities.<\/p>\n<\/div>\n<\/div>\n\n\n\n<div class=\"wp-block-columns is-layout-flex wp-container-core-columns-is-layout-9d6595d7 wp-block-columns-is-layout-flex\">\n<div class=\"wp-block-column is-layout-flow wp-block-column-is-layout-flow\" style=\"flex-basis:33.33%\">\n<figure class=\"wp-block-image size-full\"><img loading=\"lazy\" decoding=\"async\" width=\"313\" height=\"313\" src=\"https:\/\/www.bodimariamagdolna.hu\/wp-content\/uploads\/2024\/10\/red-rectangle-1942.jpg\" alt=\"\" class=\"wp-image-442\" srcset=\"https:\/\/www.bodimariamagdolna.hu\/wp-content\/uploads\/2024\/10\/red-rectangle-1942.jpg 313w, https:\/\/www.bodimariamagdolna.hu\/wp-content\/uploads\/2024\/10\/red-rectangle-1942-300x300.jpg 300w, https:\/\/www.bodimariamagdolna.hu\/wp-content\/uploads\/2024\/10\/red-rectangle-1942-150x150.jpg 150w\" sizes=\"auto, (max-width: 313px) 100vw, 313px\" \/><\/figure>\n\n\n\n<figure class=\"wp-block-image size-large\"><img loading=\"lazy\" decoding=\"async\" width=\"666\" height=\"1024\" src=\"https:\/\/www.bodimariamagdolna.hu\/wp-content\/uploads\/2024\/10\/bodi-maria-magdolna-666x1024.jpg\" alt=\"\" class=\"wp-image-618\" srcset=\"https:\/\/www.bodimariamagdolna.hu\/wp-content\/uploads\/2024\/10\/bodi-maria-magdolna-666x1024.jpg 666w, https:\/\/www.bodimariamagdolna.hu\/wp-content\/uploads\/2024\/10\/bodi-maria-magdolna-195x300.jpg 195w, https:\/\/www.bodimariamagdolna.hu\/wp-content\/uploads\/2024\/10\/bodi-maria-magdolna-768x1180.jpg 768w, https:\/\/www.bodimariamagdolna.hu\/wp-content\/uploads\/2024\/10\/bodi-maria-magdolna-1000x1536.jpg 1000w, https:\/\/www.bodimariamagdolna.hu\/wp-content\/uploads\/2024\/10\/bodi-maria-magdolna-1333x2048.jpg 1333w, https:\/\/www.bodimariamagdolna.hu\/wp-content\/uploads\/2024\/10\/bodi-maria-magdolna-scaled.jpg 1666w\" sizes=\"auto, (max-width: 666px) 100vw, 666px\" \/><\/figure>\n<\/div>\n\n\n\n<div class=\"wp-block-column is-layout-flow wp-block-column-is-layout-flow\" style=\"flex-basis:66.66%\">\n<p>A year later, the family moved to Daka-puszta. It was around this time that Magdi was admitted into the Sodality of Our Lady, a Catholic community founded by the Jesuits. The purpose of this community was to lead its members, especially the youth, to a higher degree of self-sanctification and apostolate through the practice of Marian devotion. She became increasingly active in the Catholic Association of Working Girls, organizing groups and nurturing a Catholic worldview among industrial workers, while also helping the needy with selfless charity work.<\/p>\n\n\n\n<p>In 1943, she enrolled in a nursing course, deciding that she wanted to serve at the front, aiding her fellow humans. Despite completing the course, she never received a draft notice. She later learned that the management of Nitrok\u00e9mia had refused to release one of their best workers, saying they couldn\u2019t replace her. By this time, Magdi was already praying that she might die young, so that her death might bring others closer to the Lord.<\/p>\n<\/div>\n<\/div>\n\n\n\n<div class=\"wp-block-columns is-layout-flex wp-container-core-columns-is-layout-9d6595d7 wp-block-columns-is-layout-flex\">\n<div class=\"wp-block-column is-layout-flow wp-block-column-is-layout-flow\" style=\"flex-basis:33.33%\">\n<figure class=\"wp-block-image size-full\"><img loading=\"lazy\" decoding=\"async\" width=\"313\" height=\"313\" src=\"https:\/\/www.bodimariamagdolna.hu\/wp-content\/uploads\/2024\/10\/red-rectangle-1944.jpg\" alt=\"\" class=\"wp-image-446\" srcset=\"https:\/\/www.bodimariamagdolna.hu\/wp-content\/uploads\/2024\/10\/red-rectangle-1944.jpg 313w, https:\/\/www.bodimariamagdolna.hu\/wp-content\/uploads\/2024\/10\/red-rectangle-1944-300x300.jpg 300w, https:\/\/www.bodimariamagdolna.hu\/wp-content\/uploads\/2024\/10\/red-rectangle-1944-150x150.jpg 150w\" sizes=\"auto, (max-width: 313px) 100vw, 313px\" \/><\/figure>\n<\/div>\n\n\n\n<div class=\"wp-block-column is-layout-flow wp-block-column-is-layout-flow\" style=\"flex-basis:66.66%\">\n<p>In April 1944, her family moved to Lit\u00e9r, where Nitrok\u00e9mia owned a property. She immediately began organizing a local chapter of the Catholic Association of Working Girls. Under Magdi\u2019s leadership, the members helped wherever they could: they packed food parcels for patients at the Balatonf\u00fcred military hospital, sewed clothes for impoverished children, and organized nursing courses.<\/p>\n\n\n\n<p>Meanwhile, Magdi increasingly renounced earthly things in order to draw closer to Christ. By this time, disturbing reports about the violence against women had become more frequent. She encouraged her fellow women to defend their purity, and she made a personal vow to preserve her virginity even at the cost of her life.<\/p>\n<\/div>\n<\/div>\n\n\n\n<div class=\"wp-block-columns is-layout-flex wp-container-core-columns-is-layout-9d6595d7 wp-block-columns-is-layout-flex\">\n<div class=\"wp-block-column is-layout-flow wp-block-column-is-layout-flow\" style=\"flex-basis:33.33%\">\n<figure class=\"wp-block-image size-full\"><img loading=\"lazy\" decoding=\"async\" width=\"313\" height=\"313\" src=\"https:\/\/www.bodimariamagdolna.hu\/wp-content\/uploads\/2024\/10\/red-rectangle-1945.jpg\" alt=\"\" class=\"wp-image-448\" srcset=\"https:\/\/www.bodimariamagdolna.hu\/wp-content\/uploads\/2024\/10\/red-rectangle-1945.jpg 313w, https:\/\/www.bodimariamagdolna.hu\/wp-content\/uploads\/2024\/10\/red-rectangle-1945-300x300.jpg 300w, https:\/\/www.bodimariamagdolna.hu\/wp-content\/uploads\/2024\/10\/red-rectangle-1945-150x150.jpg 150w\" sizes=\"auto, (max-width: 313px) 100vw, 313px\" \/><\/figure>\n\n\n\n<figure class=\"wp-block-image size-large\"><img loading=\"lazy\" decoding=\"async\" width=\"569\" height=\"1024\" src=\"https:\/\/www.bodimariamagdolna.hu\/wp-content\/uploads\/2024\/10\/img-4413-bmm-569x1024.jpg\" alt=\"\" class=\"wp-image-637\" srcset=\"https:\/\/www.bodimariamagdolna.hu\/wp-content\/uploads\/2024\/10\/img-4413-bmm-569x1024.jpg 569w, https:\/\/www.bodimariamagdolna.hu\/wp-content\/uploads\/2024\/10\/img-4413-bmm-167x300.jpg 167w, https:\/\/www.bodimariamagdolna.hu\/wp-content\/uploads\/2024\/10\/img-4413-bmm-768x1382.jpg 768w, https:\/\/www.bodimariamagdolna.hu\/wp-content\/uploads\/2024\/10\/img-4413-bmm-853x1536.jpg 853w, https:\/\/www.bodimariamagdolna.hu\/wp-content\/uploads\/2024\/10\/img-4413-bmm-1138x2048.jpg 1138w, https:\/\/www.bodimariamagdolna.hu\/wp-content\/uploads\/2024\/10\/img-4413-bmm-scaled.jpg 1422w\" sizes=\"auto, (max-width: 569px) 100vw, 569px\" \/><\/figure>\n<\/div>\n\n\n\n<div class=\"wp-block-column is-layout-flow wp-block-column-is-layout-flow\" style=\"flex-basis:66.66%\">\n<p>By the end of 1944, the sounds of battle grew nearer, and air raids became more frequent. The front approached Lit\u00e9r. Soviet troops eventually arrived in the village on March 23, 1945. The community, having suffered great losses during the long years of war, mourned the many men who had never returned from the battlefield.<\/p>\n\n\n\n<p>That afternoon, Magdi was standing near the entrance to a shelter in the courtyard of a local manor house, together with some women and children, when two armed Soviet soldiers attacked them. One of the soldiers ordered Magdi into the shelter. She knew what awaited her, having heard many stories of the violence committed by the soldiers. Defending her purity, she stabbed the soldier with a small pair of scissors she kept in her pocket and tried to flee, warning the other women of the danger.<\/p>\n\n\n\n<blockquote class=\"wp-block-quote is-layout-flow wp-block-quote-is-layout-flow\">\n<p>\u201e<em>Annuska, run! You\u2019ll be next! I\u2019m already going to die\u2026 Mother, go away, I\u2019m going to die now!<\/em>\u201d<\/p>\n<\/blockquote>\n\n\n\n<p>\u2013 she reportedly cried.<\/p>\n\n\n\n<p>Moments later, the soldier who had attacked Magdi reappeared in the courtyard and immediately shot her. According to eyewitness accounts, six bullets pierced her body. After the first shot, Magdi stopped in her tracks; after the second, she raised her arms to heaven and then closed them with the words,<\/p>\n\n\n\n<blockquote class=\"wp-block-quote is-layout-flow wp-block-quote-is-layout-flow\">\n<p>\u201e<em>Lord, my King! Take me with You!<\/em>\u201d<\/p>\n<\/blockquote>\n\n\n\n<p>The last bullet struck her heart, and she fell forward, dead. Even in death, her fingers still clutched her rosary.<\/p>\n<\/div>\n<\/div>\n\n\n\n<p>&nbsp;<\/p>\n","protected":false},"excerpt":{"rendered":"Magdi was born on August 8, 1921, in Szigliget, to poor estate servant parents. Her father returned to the country as a prisoner \n<a class=\"moretag\" href=\"https:\/\/www.bodimariamagdolna.hu\/en\/biography\/\"> <\/a>","protected":false},"author":1,"featured_media":0,"parent":0,"menu_order":0,"comment_status":"closed","ping_status":"closed","template":"","meta":{"footnotes":""},"class_list":["post-413","page","type-page","status-publish","hentry"],"_links":{"self":[{"href":"https:\/\/www.bodimariamagdolna.hu\/en\/wp-json\/wp\/v2\/pages\/413","targetHints":{"allow":["GET"]}}],"collection":[{"href":"https:\/\/www.bodimariamagdolna.hu\/en\/wp-json\/wp\/v2\/pages"}],"about":[{"href":"https:\/\/www.bodimariamagdolna.hu\/en\/wp-json\/wp\/v2\/types\/page"}],"author":[{"embeddable":true,"href":"https:\/\/www.bodimariamagdolna.hu\/en\/wp-json\/wp\/v2\/users\/1"}],"replies":[{"embeddable":true,"href":"https:\/\/www.bodimariamagdolna.hu\/en\/wp-json\/wp\/v2\/comments?post=413"}],"version-history":[{"count":4,"href":"https:\/\/www.bodimariamagdolna.hu\/en\/wp-json\/wp\/v2\/pages\/413\/revisions"}],"predecessor-version":[{"id":640,"href":"https:\/\/www.bodimariamagdolna.hu\/en\/wp-json\/wp\/v2\/pages\/413\/revisions\/640"}],"wp:attachment":[{"href":"https:\/\/www.bodimariamagdolna.hu\/en\/wp-json\/wp\/v2\/media?parent=413"}],"curies":[{"name":"wp","href":"https:\/\/api.w.org\/{rel}","templated":true}]}}